{"id":302,"date":"2024-02-28T16:36:25","date_gmt":"2024-02-28T16:36:25","guid":{"rendered":"https:\/\/atomausstieg.ch\/lavenir-est-renouvelable\/"},"modified":"2024-08-29T07:58:51","modified_gmt":"2024-08-29T07:58:51","slug":"lavenir-est-renouvelable","status":"publish","type":"page","link":"https:\/\/atomausstieg.ch\/fr\/","title":{"rendered":"L&rsquo;avenir est renouvelable"},"content":{"rendered":"\n<h1>\n\t\tL&rsquo;avenir est renouvelable\n\t<\/h1>\n\t<p>Trop ch\u00e8res, trop dangereuses, trop lentes : la Suisse n&rsquo;a pas besoin de nouvelles centrales nucl\u00e9aires. Gr\u00e2ce aux \u00e9nergies renouvelables, la Suisse couvrira 100% de ses besoins \u00e9nerg\u00e9tiques avec de l&rsquo;\u00e9nergie locale et propre.<\/p>\n<h2>\n\t\tCommuniqu\u00e9s\n\t<\/h2>\n\n","protected":false},"excerpt":{"rendered":"<p>L&rsquo;avenir est renouvelable Trop&hellip;<\/p>\n","protected":false},"author":2,"featured_media":0,"parent":0,"menu_order":0,"comment_status":"closed","ping_status":"closed","template":"","meta":{"_acf_changed":false,"_seopress_robots_primary_cat":"","_seopress_titles_title":"","_seopress_titles_desc":"","_seopress_robots_index":"","inline_featured_image":false,"footnotes":""},"class_list":["post-302","page","type-page","status-publish","hentry"],"acf":[],"_links":{"self":[{"href":"https:\/\/atomausstieg.ch\/fr\/wp-json\/wp\/v2\/pages\/302","targetHints":{"allow":["GET"]}}],"collection":[{"href":"https:\/\/atomausstieg.ch\/fr\/wp-json\/wp\/v2\/pages"}],"about":[{"href":"https:\/\/atomausstieg.ch\/fr\/wp-json\/wp\/v2\/types\/page"}],"author":[{"embeddable":true,"href":"https:\/\/atomausstieg.ch\/fr\/wp-json\/wp\/v2\/users\/2"}],"replies":[{"embeddable":true,"href":"https:\/\/atomausstieg.ch\/fr\/wp-json\/wp\/v2\/comments?post=302"}],"version-history":[{"count":8,"href":"https:\/\/atomausstieg.ch\/fr\/wp-json\/wp\/v2\/pages\/302\/revisions"}],"predecessor-version":[{"id":652,"href":"https:\/\/atomausstieg.ch\/fr\/wp-json\/wp\/v2\/pages\/302\/revisions\/652"}],"wp:attachment":[{"href":"https:\/\/atomausstieg.ch\/fr\/wp-json\/wp\/v2\/media?parent=302"}],"curies":[{"name":"wp","href":"https:\/\/api.w.org\/{rel}","templated":true}]}}