{"id":317,"date":"2024-02-28T17:12:22","date_gmt":"2024-02-28T17:12:22","guid":{"rendered":"https:\/\/atomausstieg.ch\/lalliance-pour-la-sortie-du-nucleaire\/"},"modified":"2024-09-10T15:05:35","modified_gmt":"2024-09-10T15:05:35","slug":"lalliance-pour-la-sortie-du-nucleaire","status":"publish","type":"page","link":"https:\/\/atomausstieg.ch\/fr\/lalliance-pour-la-sortie-du-nucleaire\/","title":{"rendered":"Alliance Sortons du nucl\u00e9aire"},"content":{"rendered":"\n<h1>\n\t\tAlliance Sortons du nucl\u00e9aire\n\t<\/h1>\n\t<p>Au sein de l&rsquo;Alliance Sortons du nucl\u00e9aire, les principales organisations environnementales et anti-nucl\u00e9aires ainsi que les partis politiques unissent leurs forces dans le but d&rsquo;acc\u00e9l\u00e9rer la sortie du nucl\u00e9aire en Suisse.<\/p>\n\t\t\t\t<img loading=\"lazy\" decoding=\"async\" src=\"https:\/\/atomausstieg.ch\/wp-content\/uploads\/2024\/03\/allianz_atomausstieg_logo_small.svg\" alt=\"allianz_atomausstieg_logo_small\" itemprop=\"image\" height=\"0\" width=\"0\" title=\"allianz_atomausstieg_logo_small\" onerror=\"this.style.display='none'\"  \/>\n<h2>\n\t\tNos membres\n\t<\/h2>\n\t<p>L&rsquo;Alliance Sortons du nucl\u00e9aire se compose des organisations et partis suivants.<\/p>\n<h2>\n\t\tMembres du comit\u00e9\n\t<\/h2>\n\t<p>Le comit\u00e9 de l&rsquo;Alliance Sortons du nucl\u00e9aire se compose comme suit:<\/p>\n<h2>\n\t\tContactez-nous\n\t<\/h2>\n\t<p>Le secr\u00e9tariat de l&rsquo;Alliance Sortons du nucl\u00e9aire est assur\u00e9 par la Fondation suisse de l&rsquo;\u00e9nergie.<\/p>\n\t<br \/>\n<br \/>\n \n<a href=\"mailto:\">E-mail<\/a><br \/>\n<a href=\"tel:+412044202%2021%021\"><\/a>\n<h4>\n\t\tContact pour les demandes des m\u00e9dias\n\t<\/h4>\n\tFlorian Kasser<br \/>\nPr\u00e4sident Allianz Atomausstieg<br \/>\n<a href=\"mailto:florian&#46;kasser&#64;gr&#101;&#101;&#110;&#112;&#101;&#97;&#99;&#101;&#46;&#111;&#114;&#103;\">E-Mail<\/a><br \/>\nTel: <a href=\"tel:+41444474123\">+41 44 447 41 23<\/a>\n<h2>\n\t\tSoutenir l&rsquo;Alliance\n\t<\/h2>\n\t<p>L&rsquo;Alliance Sortons du nucl\u00e9aire est financ\u00e9e exclusivement par les cotisations de ses membres et des dons. Si nous pouvons continuer \u00e0 travailler \u00e0 la Sortie du nucl\u00e9aire et \u00e0 un avenir \u00e9nerg\u00e9tique 100% renouvelable, c&rsquo;est gr\u00e2ce aux membres et aux soutiens de l&rsquo;Alliance. Nous vous remercions vivement de votre pr\u00e9cieux soutien.<\/p>\n<h3>\n\t\tCompte pour les dons\n\t<\/h3>\n\t<strong>Compte PostFinance pour les dons<\/strong><br \/>\n85-708057-3<br \/>\nCH 34 0900 0000 8570 8057 3<br \/>\nPOFICHBEXXX\n\n","protected":false},"excerpt":{"rendered":"<p>Alliance Sortons du nucl\u00e9aire&hellip;<\/p>\n","protected":false},"author":2,"featured_media":0,"parent":0,"menu_order":0,"comment_status":"closed","ping_status":"closed","template":"","meta":{"_acf_changed":false,"_seopress_robots_primary_cat":"","_seopress_titles_title":"Alliance Sortons du nucl\u00e9aire - L'avenir est renouvelable","_seopress_titles_desc":"Les principales organisations environnementales et anti-nucl\u00e9aires ainsi que les partis politiques unissent leurs forces au sein de l'Alliance pour la sortie du nucl\u00e9aire dans le but d'acc\u00e9l\u00e9rer la sortie du nucl\u00e9aire en Suisse.","_seopress_robots_index":"","inline_featured_image":false,"footnotes":""},"class_list":["post-317","page","type-page","status-publish","hentry"],"acf":[],"_links":{"self":[{"href":"https:\/\/atomausstieg.ch\/fr\/wp-json\/wp\/v2\/pages\/317","targetHints":{"allow":["GET"]}}],"collection":[{"href":"https:\/\/atomausstieg.ch\/fr\/wp-json\/wp\/v2\/pages"}],"about":[{"href":"https:\/\/atomausstieg.ch\/fr\/wp-json\/wp\/v2\/types\/page"}],"author":[{"embeddable":true,"href":"https:\/\/atomausstieg.ch\/fr\/wp-json\/wp\/v2\/users\/2"}],"replies":[{"embeddable":true,"href":"https:\/\/atomausstieg.ch\/fr\/wp-json\/wp\/v2\/comments?post=317"}],"version-history":[{"count":12,"href":"https:\/\/atomausstieg.ch\/fr\/wp-json\/wp\/v2\/pages\/317\/revisions"}],"predecessor-version":[{"id":732,"href":"https:\/\/atomausstieg.ch\/fr\/wp-json\/wp\/v2\/pages\/317\/revisions\/732"}],"wp:attachment":[{"href":"https:\/\/atomausstieg.ch\/fr\/wp-json\/wp\/v2\/media?parent=317"}],"curies":[{"name":"wp","href":"https:\/\/api.w.org\/{rel}","templated":true}]}}